{"id":3398,"date":"2022-04-28T18:12:01","date_gmt":"2022-04-28T16:12:01","guid":{"rendered":"https:\/\/sosein.de\/?page_id=3398"},"modified":"2022-10-16T21:31:58","modified_gmt":"2022-10-16T19:31:58","slug":"lesung","status":"publish","type":"page","link":"https:\/\/sosein.de\/?page_id=3398","title":{"rendered":"Lesung"},"content":{"rendered":"\n<p>auch das lesen habe ich gelernt , mit unterst\u00fctzung sogar im gesang . <br>also lege ich hier links zum zuh\u00f6ren . <\/p>\n\n\n\n<p>als erstes &#8211; zum gew\u00f6hnen an texte , die von mir wort f\u00fcr wort von hinten gelesen sind &#8211; <br>das grundgesetz artikel 1 bis 5 . ich denke als urheber*in \/ autor*in kann hier das volk genannt werden und von daher braucht es sicherlich keine genaueren angaben . <\/p>\n\n\n\n<figure class=\"wp-block-audio\"><audio controls src=\"https:\/\/sosein.de\/wp-content\/uploads\/2022\/04\/sosein-grundgesetz-1bis5-von-hinten.mp3\"><\/audio><\/figure>\n\n\n\n<p>_<\/p>\n\n\n\n<p>weiter zur badischen erheiterung das badnerlied , gesungen von mir jan carl , geboren in offenburg \/ baden , und markus bromm stammend aus g\u00f6ppingen \/ schwaben , weswegen das badnerlied auch auf schw\u00e4bisch eingesungen wurde . <br>die beiden k\u00fcnstler legen gro\u00dfen wert auf dein alemannischen einklang und die v\u00f6lkerverst\u00e4ndigung : <br>viel gl\u00fcck !<\/p>\n\n\n\n<figure class=\"wp-block-audio\"><audio controls src=\"https:\/\/sosein.de\/wp-content\/uploads\/2022\/04\/badnerlied.mp3\"><\/audio><\/figure>\n\n\n\n<p>_<\/p>\n\n\n\n<p>zum entspannenden ausklang ein weiterer text von hinten aus einem sog Groschenroman aus dem bastei l\u00fcbbe verlag . sobald ich den genauen titel recherchiert habe , werde ich ihn hier auch urheeberinnenrechtlich korrekt nennen &#8211; er m\u00f6ge aber nun als arbeitstitel einfach mal hei\u00dfen : &#8222;julia &#8211; jungfrau im champagnergl\u00fcck&#8220; .<\/p>\n\n\n\n<figure class=\"wp-block-audio\"><audio controls src=\"https:\/\/sosein.de\/wp-content\/uploads\/2022\/04\/jan_liest_groschenroman_rueckwaerts_cutted.mp3\"><\/audio><\/figure>\n\n\n\n<p><\/p>\n","protected":false},"excerpt":{"rendered":"<p>auch das lesen habe ich gelernt , mit unterst\u00fctzung sogar im gesang . also lege ich hier links zum zuh\u00f6ren . als erstes &#8211; zum gew\u00f6hnen an texte , die von mir wort f\u00fcr wort von hinten gelesen sind &#8211; das grundgesetz artikel 1 bis 5 . ich denke als urheber*in \/ autor*in kann hier [&hellip;]<\/p>\n","protected":false},"author":1,"featured_media":4191,"parent":0,"menu_order":0,"comment_status":"closed","ping_status":"closed","template":"","meta":{"_themeisle_gutenberg_block_has_review":false,"footnotes":""},"class_list":["post-3398","page","type-page","status-publish","has-post-thumbnail","hentry"],"_links":{"self":[{"href":"https:\/\/sosein.de\/index.php?rest_route=\/wp\/v2\/pages\/3398","targetHints":{"allow":["GET"]}}],"collection":[{"href":"https:\/\/sosein.de\/index.php?rest_route=\/wp\/v2\/pages"}],"about":[{"href":"https:\/\/sosein.de\/index.php?rest_route=\/wp\/v2\/types\/page"}],"author":[{"embeddable":true,"href":"https:\/\/sosein.de\/index.php?rest_route=\/wp\/v2\/users\/1"}],"replies":[{"embeddable":true,"href":"https:\/\/sosein.de\/index.php?rest_route=%2Fwp%2Fv2%2Fcomments&post=3398"}],"version-history":[{"count":2,"href":"https:\/\/sosein.de\/index.php?rest_route=\/wp\/v2\/pages\/3398\/revisions"}],"predecessor-version":[{"id":3412,"href":"https:\/\/sosein.de\/index.php?rest_route=\/wp\/v2\/pages\/3398\/revisions\/3412"}],"wp:featuredmedia":[{"embeddable":true,"href":"https:\/\/sosein.de\/index.php?rest_route=\/wp\/v2\/media\/4191"}],"wp:attachment":[{"href":"https:\/\/sosein.de\/index.php?rest_route=%2Fwp%2Fv2%2Fmedia&parent=3398"}],"curies":[{"name":"wp","href":"https:\/\/api.w.org\/{rel}","templated":true}]}}